{"id":4806,"date":"2025-07-30T09:40:00","date_gmt":"2025-07-30T09:40:00","guid":{"rendered":"https:\/\/artandscience.rs\/?page_id=4806"},"modified":"2025-07-30T09:40:05","modified_gmt":"2025-07-30T09:40:05","slug":"fasih-vesti","status":"publish","type":"page","link":"https:\/\/artandscience.rs\/en\/fasih-vesti\/","title":{"rendered":"FASIH vesti"},"content":{"rendered":"<ul class=\"wp-block-latest-posts__list wp-block-latest-posts\"><li><a class=\"wp-block-latest-posts__post-title\" href=\"https:\/\/artandscience.rs\/en\/4865\/\">Industrijsko nasle\u0111e u novom svetlu | Rezultati FASIH projekta<\/a><\/li>\n<li><a class=\"wp-block-latest-posts__post-title\" href=\"https:\/\/artandscience.rs\/en\/4792\/\">Industrijsko nasle\u0111e kroz art+science nao\u010dare<\/a><\/li>\n<li><a class=\"wp-block-latest-posts__post-title\" href=\"https:\/\/artandscience.rs\/en\/4683\/\">Hartera pri\u010da, ambijentalna instalacija 2025.<\/a><\/li>\n<li><a class=\"wp-block-latest-posts__post-title\" href=\"https:\/\/artandscience.rs\/en\/4681\/\">Digitalna Hartera, multimedijalna instalacija u nastajanju 2025.<\/a><\/li>\n<li><a class=\"wp-block-latest-posts__post-title\" href=\"https:\/\/artandscience.rs\/en\/4678\/\">From Me Flows What You Call Time, multimedijalna instalacija 2025.<\/a><\/li>\n<li><a class=\"wp-block-latest-posts__post-title\" href=\"https:\/\/artandscience.rs\/en\/4648\/\">VRT P.T.I.C.H: Visions of Rapid Transformations: Perception Through Immersive Cinematic Hyperreality, VR instalation<\/a><\/li>\n<li><a class=\"wp-block-latest-posts__post-title\" href=\"https:\/\/artandscience.rs\/en\/4646\/\">Zenica moga oka 1974, instalacija<\/a><\/li>\n<li><a class=\"wp-block-latest-posts__post-title\" href=\"https:\/\/artandscience.rs\/en\/4630\/\">Akusti\u010dni zov ru\u0161evine: oslu\u0161kivanje glasa industrijskog nasle\u0111a<\/a><\/li>\n<li><a class=\"wp-block-latest-posts__post-title\" href=\"https:\/\/artandscience.rs\/en\/4618\/\">Osloba\u0111anje lepote ruiniranih prostora<\/a><\/li>\n<li><a class=\"wp-block-latest-posts__post-title\" href=\"https:\/\/artandscience.rs\/en\/4604\/\">Prate\u0107i program izlo\u017ebe\u00a0\u201eSvetlost i snaga industrijskog nasle\u0111a\u201c<\/a><\/li>\n<li><a class=\"wp-block-latest-posts__post-title\" href=\"https:\/\/artandscience.rs\/en\/4593\/\">Otvorena izlo\u017eba \u201eSvetlost i snaga industrijskog nasle\u0111a\u201c u Muzeju nauke i tehnike<\/a><\/li>\n<li><a class=\"wp-block-latest-posts__post-title\" href=\"https:\/\/artandscience.rs\/en\/4543\/\">Stream of Light, VR installation, 2025<\/a><\/li>\n<li><a class=\"wp-block-latest-posts__post-title\" href=\"https:\/\/artandscience.rs\/en\/4541\/\">#For Power and Light \u2013\nA Brief History of the Future, multimedia installation, 2025<\/a><\/li>\n<li><a class=\"wp-block-latest-posts__post-title\" href=\"https:\/\/artandscience.rs\/en\/4548\/\">Illumination [BGD-25], Short film, 2025<\/a><\/li>\n<li><a class=\"wp-block-latest-posts__post-title\" href=\"https:\/\/artandscience.rs\/en\/4546\/\">Energija pro\u0161losti, vizija budu\u0107nosti, interaktivna instalacija, 2025.<\/a><\/li>\n<li><a class=\"wp-block-latest-posts__post-title\" href=\"https:\/\/artandscience.rs\/en\/4554\/\">An imprint of \u201cPower and Light\", Multimedia installation, 2025<\/a><\/li>\n<li><a class=\"wp-block-latest-posts__post-title\" href=\"https:\/\/artandscience.rs\/en\/4520\/\">Izlo\u017eba \u201eSvetlost i snaga industrijskog nasle\u0111a\u201c u Muzeju nauke i tehnike<\/a><\/li>\n<li><a class=\"wp-block-latest-posts__post-title\" href=\"https:\/\/artandscience.rs\/en\/4511\/\">Three Exhibitions on Industrial Heritage: Openings in Belgrade, Rijeka, and Trbovlje<\/a><\/li>\n<li><a class=\"wp-block-latest-posts__post-title\" href=\"https:\/\/artandscience.rs\/en\/4496\/\">Industrijsko nasle\u0111e kroz \u201eo\u010di\u201c samih stvari<\/a><\/li>\n<li><a class=\"wp-block-latest-posts__post-title\" href=\"https:\/\/artandscience.rs\/en\/4408\/\">Final Conference of the FASIH \u2013 Future Art Science Industrial Heritage Project<\/a><\/li>\n<li><a class=\"wp-block-latest-posts__post-title\" href=\"https:\/\/artandscience.rs\/en\/4422\/\">Teret pro\u0161losti ili resurs za budu\u0107nost?<\/a><\/li>\n<li><a class=\"wp-block-latest-posts__post-title\" href=\"https:\/\/artandscience.rs\/en\/4775\/\">FASIH na seminaru projekta Green Heritage u Viminacijumu<\/a><\/li>\n<li><a class=\"wp-block-latest-posts__post-title\" href=\"https:\/\/artandscience.rs\/en\/4375\/\">Kad Hartera progovori o svojoj istoriji \u2013 digitalnim jezikom<\/a><\/li>\n<li><a class=\"wp-block-latest-posts__post-title\" href=\"https:\/\/artandscience.rs\/en\/4778\/\">FASIH na inicijalnom sastanku projekta ClimaGen u Trondhajmu<\/a><\/li>\n<li><a class=\"wp-block-latest-posts__post-title\" href=\"https:\/\/artandscience.rs\/en\/4354\/\">Izme\u0111u ponosa i tuge: sudbina najvi\u0161eg dimnjaka u Evropi<\/a><\/li>\n<li><a class=\"wp-block-latest-posts__post-title\" href=\"https:\/\/artandscience.rs\/en\/4339\/\">Dru\u0161tvo bez pro\u0161losti je dru\u0161tvo bez budu\u0107nosti<\/a><\/li>\n<li><a class=\"wp-block-latest-posts__post-title\" href=\"https:\/\/artandscience.rs\/en\/4320\/\">Hartera: prostor izme\u0111u bivanja i nestajanja<\/a><\/li>\n<li><a class=\"wp-block-latest-posts__post-title\" href=\"https:\/\/artandscience.rs\/en\/4238\/\">Stajanje na ivici ne\u010deg veli\u010danstvenog<\/a><\/li>\n<li><a class=\"wp-block-latest-posts__post-title\" href=\"https:\/\/artandscience.rs\/en\/4309\/\">Projekat FASIH predstavljen na konferenciji Green Art Incubator-a<\/a><\/li>\n<li><a class=\"wp-block-latest-posts__post-title\" href=\"https:\/\/artandscience.rs\/en\/4206\/\">\u201eSvetlosni tok\u201c \u2013 most izme\u0111u pro\u0161losti i budu\u0107nosti<\/a><\/li>\n<li><a class=\"wp-block-latest-posts__post-title\" href=\"https:\/\/artandscience.rs\/en\/3980\/\">Studijska poseta spomeniku kulture termoelektrani Snaga i svetlost<\/a><\/li>\n<li><a class=\"wp-block-latest-posts__post-title\" href=\"https:\/\/artandscience.rs\/en\/3976\/\">FASIH aktivnosti na art + science festivalu<\/a><\/li>\n<li><a class=\"wp-block-latest-posts__post-title\" href=\"https:\/\/artandscience.rs\/en\/3774\/\">U Rijeci predstavljen 3D model Hartere<\/a><\/li>\n<li><a class=\"wp-block-latest-posts__post-title\" href=\"https:\/\/artandscience.rs\/en\/3095\/\">Izabrani radovi za produkciju u okviru projekta FASIH<\/a><\/li>\n<li><a class=\"wp-block-latest-posts__post-title\" href=\"https:\/\/artandscience.rs\/en\/3026\/\">Radionica \u201eReinterpretacija industrijskog nasle\u0111a kroz digitalne tehnologije: utopija ili distopija?\u201c<\/a><\/li>\n<li><a class=\"wp-block-latest-posts__post-title\" href=\"https:\/\/artandscience.rs\/en\/2973\/\">Javni poziv projekta FASIH umetnicima i nau\u010dnicima iz Hrvatske, Srbije i Slovenije<\/a><\/li>\n<li><a class=\"wp-block-latest-posts__post-title\" href=\"https:\/\/artandscience.rs\/en\/2983\/\">Radionica projekta FASIH u Muzeju nauke i tehnike<\/a><\/li>\n<li><a class=\"wp-block-latest-posts__post-title\" href=\"https:\/\/artandscience.rs\/en\/2736\/\">Radionica Reinterpretacija industrijskog nasle\u0111a kroz digitalne tehnologije: utopija ili distopija?<\/a><\/li>\n<li><a class=\"wp-block-latest-posts__post-title\" href=\"https:\/\/artandscience.rs\/en\/2653\/\">Science &amp; Art @ Hartera<\/a><\/li>\n<li><a class=\"wp-block-latest-posts__post-title\" href=\"https:\/\/artandscience.rs\/en\/3085\/\">PRVI RADNI SASTANAK PROJEKTA FASIH U BEOGRADU<\/a><\/li>\n<li><a class=\"wp-block-latest-posts__post-title\" href=\"https:\/\/artandscience.rs\/en\/2554\/\">Centar za popularizaciju i promociju znanosti Sveu\u010dili\u0161ta u Rijeci slavi prvi ro\u0111endan<\/a><\/li>\n<li><a class=\"wp-block-latest-posts__post-title\" href=\"https:\/\/artandscience.rs\/en\/2401\/\">Panel on the preservation of industrial heritage in our region<\/a><\/li>\n<li><a class=\"wp-block-latest-posts__post-title\" href=\"https:\/\/artandscience.rs\/en\/2394\/\">Industrial heritage through artistic and scientific research<\/a><\/li>\n<li><a class=\"wp-block-latest-posts__post-title\" href=\"https:\/\/artandscience.rs\/en\/2338\/\">Konferencija o industrijskom nasle\u0111u Hrvatske: Vek i po pruge Pivka-Rijeka-Karlovac<\/a><\/li>\n<li><a class=\"wp-block-latest-posts__post-title\" href=\"https:\/\/artandscience.rs\/en\/2205\/\">Glowing Globe \u2013 promene i izazovi<\/a><\/li>\n<li><a class=\"wp-block-latest-posts__post-title\" href=\"https:\/\/artandscience.rs\/en\/2175\/\"><strong><em>FASIH<\/em> na festivalu novih medija <em>Speculum Artium<\/em> 2023<\/strong><\/a><\/li>\n<li><a class=\"wp-block-latest-posts__post-title\" href=\"https:\/\/artandscience.rs\/en\/2155\/\"><strong>Poziv za u\u010de\u0161\u0107e na interdisciplinarnom nau\u010dno-stru\u010dnom skupu povodom 150 godina \u017eeleznice u Rijeci<\/strong><\/a><\/li>\n<li><a class=\"wp-block-latest-posts__post-title\" href=\"https:\/\/artandscience.rs\/en\/2129\/\">[ai] explore<\/a><\/li>\n<li><a class=\"wp-block-latest-posts__post-title\" href=\"https:\/\/artandscience.rs\/en\/2121\/\">O\u010duvanje industrijskog nasle\u0111a u Hrvatskoj, Sloveniji i Srbiji<\/a><\/li>\n<li><a class=\"wp-block-latest-posts__post-title\" href=\"https:\/\/artandscience.rs\/en\/2139\/\">Prvi radni sastanak projekta fasih u beogradu<\/a><\/li>\n<\/ul>","protected":false},"excerpt":{"rendered":"","protected":false},"author":2,"featured_media":0,"parent":0,"menu_order":0,"comment_status":"closed","ping_status":"closed","template":"","meta":{"_acf_changed":false,"footnotes":""},"class_list":["post-4806","page","type-page","status-publish","hentry"],"acf":[],"featured_image_src":null,"_links":{"self":[{"href":"https:\/\/artandscience.rs\/en\/wp-json\/wp\/v2\/pages\/4806","targetHints":{"allow":["GET"]}}],"collection":[{"href":"https:\/\/artandscience.rs\/en\/wp-json\/wp\/v2\/pages"}],"about":[{"href":"https:\/\/artandscience.rs\/en\/wp-json\/wp\/v2\/types\/page"}],"author":[{"embeddable":true,"href":"https:\/\/artandscience.rs\/en\/wp-json\/wp\/v2\/users\/2"}],"replies":[{"embeddable":true,"href":"https:\/\/artandscience.rs\/en\/wp-json\/wp\/v2\/comments?post=4806"}],"version-history":[{"count":1,"href":"https:\/\/artandscience.rs\/en\/wp-json\/wp\/v2\/pages\/4806\/revisions"}],"predecessor-version":[{"id":4807,"href":"https:\/\/artandscience.rs\/en\/wp-json\/wp\/v2\/pages\/4806\/revisions\/4807"}],"wp:attachment":[{"href":"https:\/\/artandscience.rs\/en\/wp-json\/wp\/v2\/media?parent=4806"}],"curies":[{"name":"wp","href":"https:\/\/api.w.org\/{rel}","templated":true}]}}